{"id":185,"date":"2021-12-28T21:17:37","date_gmt":"2021-12-28T21:17:37","guid":{"rendered":"https:\/\/azitaphysio.com\/?page_id=185"},"modified":"2022-05-31T21:57:14","modified_gmt":"2022-05-31T21:57:14","slug":"therapie-par-manipulation-viscerale","status":"publish","type":"page","link":"https:\/\/azitaphysio.com\/fr\/therapie-par-manipulation-viscerale\/","title":{"rendered":"Th\u00e9rapie par manipulation visc\u00e9rale"},"content":{"rendered":"\n\n\t<section class=\"section\" id=\"section_493290911\">\n\t\t<div class=\"section-bg fill\" >\n\t\t\t\t\t\t\t\t\t<div class=\"section-bg-overlay absolute fill\"><\/div>\n\t\t\t\n\n\t\t<\/div>\n\n\t\t\n\n\t\t<div class=\"section-content relative\">\n\t\t\t\n\n<div class=\"row row-large align-middle\"  id=\"row-1727506372\">\n\n\n\t<div id=\"col-998529577\" class=\"col medium-6 small-12 large-6\"  >\n\t\t\t\t<div class=\"col-inner text-left\"  >\n\t\t\t\n\t\t\t\n\n\t<div id=\"text-3232006671\" class=\"text\">\n\t\t\n\n<h1>Th\u00e9rapie par manipulation visc\u00e9rale<\/h1>\n<p><strong>Le terme \u00ab\u00a0visc\u00e8res\u00a0\u00bb d\u00e9signe les organes internes du corps, tels que le foie, l&rsquo;estomac et les intestins.<\/strong><\/p>\n<p>La manipulation visc\u00e9rale est une th\u00e9rapie manuelle douce qui aide le corps \u00e0 se lib\u00e9rer des tensions et des blocages qui sont \u00e0 l&rsquo;origine des douleurs et des dysfonctionnements.<\/p>\n<p>La th\u00e9rapie par manipulation visc\u00e9rale r\u00e9tablit la capacit\u00e9 du corps \u00e0 s&rsquo;adapter et \u00e0 retrouver la sant\u00e9.<\/p>\n\t\t\n<style>\n#text-3232006671 {\n  font-size: 1.2rem;\n  color: rgb(0,0,0);\n}\n#text-3232006671 > * {\n  color: rgb(0,0,0);\n}\n<\/style>\n\t<\/div>\n\t\n<a href=\"https:\/\/azitaphysio.com\/fr\/rendez-vous\/\" class=\"button primary is-larger\"  style=\"border-radius:10px;\">\n\t\t<span>PRENDRE RENDEZ-VOUS<\/span>\n\t<i class=\"icon-angle-right\" aria-hidden=\"true\" ><\/i><\/a>\n\n\n\n\t\t<\/div>\n\t\t\t\t\t<\/div>\n\n\t\n\n\t<div id=\"col-723287840\" class=\"col medium-6 small-12 large-6\"  >\n\t\t\t\t<div class=\"col-inner\"  >\n\t\t\t\n\t\t\t\n\n\t<div class=\"img has-hover x md-x lg-x y md-y lg-y\" id=\"image_2056144049\">\n\t\t\t\t\t\t\t\t<div class=\"img-inner dark\" >\n\t\t\t<img loading=\"lazy\" decoding=\"async\" width=\"618\" height=\"270\" src=\"https:\/\/azitaphysio.com\/wp-content\/uploads\/2021\/12\/visceral-manipulation.webp\" class=\"attachment-large size-large\" alt=\"Fertility massage in Montreal\" srcset=\"https:\/\/azitaphysio.com\/wp-content\/uploads\/2021\/12\/visceral-manipulation.webp 618w, https:\/\/azitaphysio.com\/wp-content\/uploads\/2021\/12\/visceral-manipulation-300x131.webp 300w\" sizes=\"auto, (max-width: 618px) 100vw, 618px\" \/>\t\t\t\t\t\t\n\t\t\t\t\t<\/div>\n\t\t\t\t\t\t\t\t\n<style>\n#image_2056144049 {\n  width: 100%;\n}\n<\/style>\n\t<\/div>\n\t\n\n\n\t\t<\/div>\n\t\t\t\t\t<\/div>\n\n\t\n\n<\/div>\n\n\t\t<\/div>\n\n\t\t\n<style>\n#section_493290911 {\n  padding-top: 60px;\n  padding-bottom: 60px;\n  background-color: rgb(238, 250, 255);\n}\n#section_493290911 .section-bg-overlay {\n  background-color: rgba(255, 255, 255, 0.85);\n}\n<\/style>\n\t<\/section>\n\t\n\n\t<section class=\"section dark\" id=\"section_430007371\">\n\t\t<div class=\"section-bg fill\" >\n\t\t\t\t\t\t\t\t\t\n\t\t\t\n\n\t\t<\/div>\n\n\t\t\n\n\t\t<div class=\"section-content relative\">\n\t\t\t\n\n<div class=\"row\"  id=\"row-1678623296\">\n\n\n\t<div id=\"col-1744246121\" class=\"col medium-6 small-12 large-6\"  >\n\t\t\t\t<div class=\"col-inner\"  >\n\t\t\t\n\t\t\t\n\n<h2 class=\"uppercase\">CONDITIONS TRAIT\u00c9ES<\/h2>\n<p>La manipulation visc\u00e9rale est reconnue comme b\u00e9n\u00e9fique pour de nombreux troubles, notamment :<\/p>\n<ul>\n<li>Les troubles musculo-squelettiques tels que la sciatique, le canal carpien, les douleurs articulaires et les douleurs cervicales<\/li>\n<li>Les troubles digestifs tels que le RGO, les naus\u00e9es et la constipation<\/li>\n<li>Les probl\u00e8mes \u00e9motionnels tels que l&rsquo;anxi\u00e9t\u00e9, la d\u00e9pression et le SSPT<\/li>\n<li>Troubles aigus &#8211; commotion c\u00e9r\u00e9brale, blessures sportives, coup du lapin, etc.<\/li>\n<li>Probl\u00e8mes de sant\u00e9 des femmes<\/li>\n<li>Tissu cicatriciel postop\u00e9ratoire et post-infection<\/li>\n<\/ul>\n\n\t\t<\/div>\n\t\t\t\t\t<\/div>\n\n\t\n\n\t<div id=\"col-1553464403\" class=\"col medium-6 small-12 large-6\"  >\n\t\t\t\t<div class=\"col-inner\"  >\n\t\t\t\n\t\t\t\n\n<h2>VOUS CHERCHEZ UNE TH\u00c9RAPIE PAR MANIPULATION VISC\u00c9RALE PR\u00c8S DE SAINT-HENRI ?<\/h2>\n<p>La clinique Azita Papaie Physio est id\u00e9alement situ\u00e9e au <a href=\"https:\/\/www.google.ca\/maps\/place\/Azita+Papaie+Physio\/@45.495157,-73.569174,14z\/data=!4m5!3m4!1s0x4cc91a76daef9875:0xb3a78e6b300060fb!8m2!3d45.4828766!4d-73.5813518?hl=en\" target=\"_blank\" rel=\"noopener\">3287 boul. St-Jacques Ouest<\/a>, \u00e0 2 minutes de la station de m\u00e9tro Lionel-Groulx et \u00e0 proximit\u00e9 du march\u00e9 Atwater, du centre-ville de Montr\u00e9al, de Westmount et de la Petite Bourgogne.\u00a0<\/p>\n<p><iframe loading=\"lazy\" style=\"border: 0;\" src=\"https:\/\/www.google.com\/maps\/embed?pb=!1m14!1m8!1m3!1d11189.403902572569!2d-73.5813518!3d45.4828766!3m2!1i1024!2i768!4f13.1!3m3!1m2!1s0x0%3A0xb3a78e6b300060fb!2sAzita%20Papaie%20Physio!5e0!3m2!1sfr!2sca!4v1640628164423!5m2!1sfr!2sca\" width=\"600\" height=\"150\" allowfullscreen=\"allowfullscreen\"><\/iframe><\/p>\n\n\t\t<\/div>\n\t\t\t\t\t<\/div>\n\n\t\n\n<\/div>\n\n\t\t<\/div>\n\n\t\t\n<style>\n#section_430007371 {\n  padding-top: 30px;\n  padding-bottom: 30px;\n  background-color: rgb(40, 40, 40);\n}\n<\/style>\n\t<\/section>\n\t\n\n","protected":false},"excerpt":{"rendered":"","protected":false},"author":2,"featured_media":0,"parent":0,"menu_order":0,"comment_status":"closed","ping_status":"closed","template":"page-blank.php","meta":{"footnotes":""},"class_list":["post-185","page","type-page","status-publish","hentry"],"_links":{"self":[{"href":"https:\/\/azitaphysio.com\/fr\/wp-json\/wp\/v2\/pages\/185","targetHints":{"allow":["GET"]}}],"collection":[{"href":"https:\/\/azitaphysio.com\/fr\/wp-json\/wp\/v2\/pages"}],"about":[{"href":"https:\/\/azitaphysio.com\/fr\/wp-json\/wp\/v2\/types\/page"}],"author":[{"embeddable":true,"href":"https:\/\/azitaphysio.com\/fr\/wp-json\/wp\/v2\/users\/2"}],"replies":[{"embeddable":true,"href":"https:\/\/azitaphysio.com\/fr\/wp-json\/wp\/v2\/comments?post=185"}],"version-history":[{"count":5,"href":"https:\/\/azitaphysio.com\/fr\/wp-json\/wp\/v2\/pages\/185\/revisions"}],"predecessor-version":[{"id":408,"href":"https:\/\/azitaphysio.com\/fr\/wp-json\/wp\/v2\/pages\/185\/revisions\/408"}],"wp:attachment":[{"href":"https:\/\/azitaphysio.com\/fr\/wp-json\/wp\/v2\/media?parent=185"}],"curies":[{"name":"wp","href":"https:\/\/api.w.org\/{rel}","templated":true}]}}